{"id":628,"date":"2022-11-22T12:35:20","date_gmt":"2022-11-22T12:35:20","guid":{"rendered":"https:\/\/capitaltrust.cl\/?page_id=628"},"modified":"2023-03-15T13:13:59","modified_gmt":"2023-03-15T13:13:59","slug":"historias-de-exito-de-capital-trust","status":"publish","type":"page","link":"https:\/\/capitaltrust.cl\/eng\/historias-de-exito-de-capital-trust\/","title":{"rendered":"Experience"},"content":{"rendered":"<div data-elementor-type=\"wp-page\" data-elementor-id=\"628\" class=\"elementor elementor-628\">\n\t\t\t\t\t\t<div class=\"elementor-inner\">\n\t\t\t\t<div class=\"elementor-section-wrap\">\n\t\t\t\t\t\t\t\t\t<section data-dce-background-image-url=\"https:\/\/capitaltrust.cl\/wp-content\/uploads\/2022\/11\/cabecera-experiencia.jpg\" class=\"elementor-section elementor-top-section elementor-element elementor-element-4251194 home-video elementor-section-boxed elementor-section-height-default elementor-section-height-default\" data-id=\"4251194\" data-element_type=\"section\" data-settings=\"{&quot;background_background&quot;:&quot;classic&quot;}\">\n\t\t\t\t\t\t<div class=\"elementor-container elementor-column-gap-default\">\n\t\t\t\t\t\t\t<div class=\"elementor-row\">\n\t\t\t\t\t<div class=\"elementor-column elementor-col-100 elementor-top-column elementor-element elementor-element-409eeea\" data-id=\"409eeea\" data-element_type=\"column\">\n\t\t\t<div class=\"elementor-column-wrap elementor-element-populated\">\n\t\t\t\t\t\t\t<div class=\"elementor-widget-wrap\">\n\t\t\t\t\t\t<div class=\"elementor-element elementor-element-514596a elementor-widget elementor-widget-theme-post-title elementor-page-title elementor-widget-heading\" data-id=\"514596a\" data-element_type=\"widget\" data-widget_type=\"theme-post-title.default\">\n\t\t\t\t<div class=\"elementor-widget-container\">\n\t\t\t<h1 class=\"elementor-heading-title elementor-size-default\">Experience<\/h1>\t\t<\/div>\n\t\t\t\t<\/div>\n\t\t\t\t\t\t<\/div>\n\t\t\t\t\t<\/div>\n\t\t<\/div>\n\t\t\t\t\t\t\t\t<\/div>\n\t\t\t\t\t<\/div>\n\t\t<\/section>\n\t\t\t\t<section class=\"elementor-section elementor-top-section elementor-element elementor-element-22adcda elementor-section-boxed elementor-section-height-default elementor-section-height-default\" data-id=\"22adcda\" data-element_type=\"section\">\n\t\t\t\t\t\t<div class=\"elementor-container elementor-column-gap-default\">\n\t\t\t\t\t\t\t<div class=\"elementor-row\">\n\t\t\t\t\t<div class=\"elementor-column elementor-col-100 elementor-top-column elementor-element elementor-element-97b4490\" data-id=\"97b4490\" data-element_type=\"column\">\n\t\t\t<div class=\"elementor-column-wrap elementor-element-populated\">\n\t\t\t\t\t\t\t<div class=\"elementor-widget-wrap\">\n\t\t\t\t\t\t<section class=\"elementor-section elementor-inner-section elementor-element elementor-element-9244544 elementor-section-boxed elementor-section-height-default elementor-section-height-default\" data-id=\"9244544\" data-element_type=\"section\" data-settings=\"{&quot;background_background&quot;:&quot;classic&quot;}\">\n\t\t\t\t\t\t<div class=\"elementor-container elementor-column-gap-default\">\n\t\t\t\t\t\t\t<div class=\"elementor-row\">\n\t\t\t\t\t<div class=\"elementor-column elementor-col-100 elementor-inner-column elementor-element elementor-element-3ab2c47\" data-id=\"3ab2c47\" data-element_type=\"column\">\n\t\t\t<div class=\"elementor-column-wrap elementor-element-populated\">\n\t\t\t\t\t\t\t<div class=\"elementor-widget-wrap\">\n\t\t\t\t\t\t<div class=\"elementor-element elementor-element-a3be5c1 elementor-widget elementor-widget-text-editor\" data-id=\"a3be5c1\" data-element_type=\"widget\" data-widget_type=\"text-editor.default\">\n\t\t\t\t<div class=\"elementor-widget-container\">\n\t\t\t\t\t\t\t\t<div class=\"elementor-text-editor elementor-clearfix\">\n\t\t\t\t<p>Capital Trust success stories proof of our excellence and versatility<\/p>\t\t\t\t\t<\/div>\n\t\t\t\t\t\t<\/div>\n\t\t\t\t<\/div>\n\t\t\t\t\t\t<\/div>\n\t\t\t\t\t<\/div>\n\t\t<\/div>\n\t\t\t\t\t\t\t\t<\/div>\n\t\t\t\t\t<\/div>\n\t\t<\/section>\n\t\t\t\t\t\t<\/div>\n\t\t\t\t\t<\/div>\n\t\t<\/div>\n\t\t\t\t\t\t\t\t<\/div>\n\t\t\t\t\t<\/div>\n\t\t<\/section>\n\t\t\t\t<section class=\"elementor-section elementor-top-section elementor-element elementor-element-31142d5 elementor-section-boxed elementor-section-height-default elementor-section-height-default\" data-id=\"31142d5\" data-element_type=\"section\">\n\t\t\t\t\t\t<div class=\"elementor-container elementor-column-gap-default\">\n\t\t\t\t\t\t\t<div class=\"elementor-row\">\n\t\t\t\t\t<div class=\"elementor-column elementor-col-100 elementor-top-column elementor-element elementor-element-558ddb8\" data-id=\"558ddb8\" data-element_type=\"column\">\n\t\t\t<div class=\"elementor-column-wrap elementor-element-populated\">\n\t\t\t\t\t\t\t<div class=\"elementor-widget-wrap\">\n\t\t\t\t\t\t<div class=\"elementor-element elementor-element-d60145f elementor-widget elementor-widget-text-editor\" data-id=\"d60145f\" data-element_type=\"widget\" data-widget_type=\"text-editor.default\">\n\t\t\t\t<div class=\"elementor-widget-container\">\n\t\t\t\t\t\t\t\t<div class=\"elementor-text-editor elementor-clearfix\">\n\t\t\t\t<p>Out of conviction we extend our services to all possible sectors since our work is directly related to evaluation and negotiations. The foregoing has allowed us to participate in multiple transactions of various industries with both national and international investors.<\/p>\t\t\t\t\t<\/div>\n\t\t\t\t\t\t<\/div>\n\t\t\t\t<\/div>\n\t\t\t\t\t\t<\/div>\n\t\t\t\t\t<\/div>\n\t\t<\/div>\n\t\t\t\t\t\t\t\t<\/div>\n\t\t\t\t\t<\/div>\n\t\t<\/section>\n\t\t\t\t<section class=\"elementor-section elementor-top-section elementor-element elementor-element-eeaafd7 elementor-section-boxed elementor-section-height-default elementor-section-height-default\" data-id=\"eeaafd7\" data-element_type=\"section\" id=\"transacciones\">\n\t\t\t\t\t\t<div class=\"elementor-container elementor-column-gap-default\">\n\t\t\t\t\t\t\t<div class=\"elementor-row\">\n\t\t\t\t\t<div class=\"elementor-column elementor-col-100 elementor-top-column elementor-element elementor-element-7ce12fe\" data-id=\"7ce12fe\" data-element_type=\"column\">\n\t\t\t<div class=\"elementor-column-wrap elementor-element-populated\">\n\t\t\t\t\t\t\t<div class=\"elementor-widget-wrap\">\n\t\t\t\t\t\t<div class=\"elementor-element elementor-element-a3796fb elementor-widget-mobile__width-inherit elementor-widget elementor-widget-heading\" data-id=\"a3796fb\" data-element_type=\"widget\" data-widget_type=\"heading.default\">\n\t\t\t\t<div class=\"elementor-widget-container\">\n\t\t\t<h2 class=\"elementor-heading-title elementor-size-default\">Capital Trust Transactions<\/h2>\t\t<\/div>\n\t\t\t\t<\/div>\n\t\t\t\t<div class=\"elementor-element elementor-element-bb607f2 elementor-widget elementor-widget-shortcode\" data-id=\"bb607f2\" data-element_type=\"widget\" data-widget_type=\"shortcode.default\">\n\t\t\t\t<div class=\"elementor-widget-container\">\n\t\t\t\t\t<div class=\"elementor-shortcode\">        <div id=\"container-async\">\n            <div id=\"navTransaccionesTrigger\" class=\"float-menu__trigger block sm:hidden m-auto\">\n                <span><\/span>\n            <\/div>\n            <ul class=\"nav-filter-transaccion\">\n                                    <li >\n                        <a href=\"https:\/\/capitaltrust.cl\/eng\/categoria-transacciones\/ma\/\" data-filter=\"categoria-transacciones\" data-term=\"ma\">\n                            M&amp;A                        <\/a>\n                    <\/li>\n                                    <li >\n                        <a href=\"https:\/\/capitaltrust.cl\/eng\/categoria-transacciones\/reestructuracion-de-pasivos\/\" data-filter=\"categoria-transacciones\" data-term=\"reestructuracion-de-pasivos\">\n                            Debt restructuring                        <\/a>\n                    <\/li>\n                                    <li >\n                        <a href=\"https:\/\/capitaltrust.cl\/eng\/categoria-transacciones\/valorizacion\/\" data-filter=\"categoria-transacciones\" data-term=\"valorizacion\">\n                            Valuations                        <\/a>\n                    <\/li>\n                                <li>\n                    <a href=\"#\" data-filter=\"categoria-transacciones\" data-term=\"all-terms\">\n                        All\n                    <\/a>\n                <\/li>\n            <\/ul>\n            <div class=\"loader\"><img decoding=\"async\" src=\"https:\/\/capitaltrust.cl\/wp-content\/themes\/capitaltrust-child\/dist\/img\/loader-ct.svg\"><\/div>\n            <div class=\"content mt-8 sm:mt-0\"><\/div>\n        <\/div>\n\n        <\/div>\n\t\t\t\t<\/div>\n\t\t\t\t<\/div>\n\t\t\t\t\t\t<\/div>\n\t\t\t\t\t<\/div>\n\t\t<\/div>\n\t\t\t\t\t\t\t\t<\/div>\n\t\t\t\t\t<\/div>\n\t\t<\/section>\n\t\t\t\t\t\t\t\t\t<\/div>\n\t\t\t<\/div>\n\t\t\t\t\t<\/div>","protected":false},"excerpt":{"rendered":"<p>Historias de \u00e9xito de Capital Trust prueba de nuestra excelencia y versatilidad Por convicci\u00f3n extendemos nuestros servicios a todos los rubros posibles dado que nuestro quehacer tiene directa relaci\u00f3n con evaluaci\u00f3n y negociaciones. Lo anterior nos ha permitido participar en m\u00faltiples transacciones de variados rubros tanto con inversionistas nacionales como internacionales. Transacciones de Capital Trust<\/p>","protected":false},"author":1,"featured_media":0,"parent":0,"menu_order":0,"comment_status":"closed","ping_status":"closed","template":"","meta":{"site-sidebar-layout":"no-sidebar","site-content-layout":"page-builder","ast-global-header-display":"","ast-main-header-display":"","ast-hfb-above-header-display":"","ast-hfb-below-header-display":"","ast-hfb-mobile-header-display":"","site-post-title":"disabled","ast-breadcrumbs-content":"","ast-featured-img":"disabled","footer-sml-layout":"","theme-transparent-header-meta":"","adv-header-id-meta":"","stick-header-meta":"","header-above-stick-meta":"","header-main-stick-meta":"","header-below-stick-meta":"","footnotes":""},"class_list":["post-628","page","type-page","status-publish","hentry"],"acf":[],"yoast_head":"<!-- This site is optimized with the Yoast SEO plugin v20.3 - https:\/\/yoast.com\/wordpress\/plugins\/seo\/ -->\n<title>Historias de \u00e9xito de Capital Trust<\/title>\n<meta name=\"description\" content=\"Historias de \u00e9xito de Capital Trust prueba de nuestra excelencia y versatilidad\" \/>\n<meta name=\"robots\" content=\"index, follow, max-snippet:-1, max-image-preview:large, max-video-preview:-1\" \/>\n<link rel=\"canonical\" href=\"https:\/\/capitaltrust.cl\/eng\/historias-de-exito-de-capital-trust\/\" \/>\n<meta property=\"og:locale\" content=\"en_US\" \/>\n<meta property=\"og:type\" content=\"article\" \/>\n<meta property=\"og:title\" content=\"Historias de \u00e9xito de Capital Trust\" \/>\n<meta property=\"og:description\" content=\"Historias de \u00e9xito de Capital Trust prueba de nuestra excelencia y versatilidad\" \/>\n<meta property=\"og:url\" content=\"https:\/\/capitaltrust.cl\/eng\/historias-de-exito-de-capital-trust\/\" \/>\n<meta property=\"og:site_name\" content=\"Capital Trust\" \/>\n<meta property=\"article:modified_time\" content=\"2023-03-15T13:13:59+00:00\" \/>\n<meta name=\"twitter:card\" content=\"summary_large_image\" \/>\n<meta name=\"twitter:label1\" content=\"Est. reading time\" \/>\n\t<meta name=\"twitter:data1\" content=\"1 minute\" \/>\n<script type=\"application\/ld+json\" class=\"yoast-schema-graph\">{\"@context\":\"https:\/\/schema.org\",\"@graph\":[{\"@type\":\"WebPage\",\"@id\":\"https:\/\/capitaltrust.cl\/historias-de-exito-de-capital-trust\/\",\"url\":\"https:\/\/capitaltrust.cl\/historias-de-exito-de-capital-trust\/\",\"name\":\"Historias de \u00e9xito de Capital Trust\",\"isPartOf\":{\"@id\":\"https:\/\/capitaltrust.cl\/#website\"},\"datePublished\":\"2022-11-22T12:35:20+00:00\",\"dateModified\":\"2023-03-15T13:13:59+00:00\",\"description\":\"Historias de \u00e9xito de Capital Trust prueba de nuestra excelencia y versatilidad\",\"breadcrumb\":{\"@id\":\"https:\/\/capitaltrust.cl\/historias-de-exito-de-capital-trust\/#breadcrumb\"},\"inLanguage\":\"en-US\",\"potentialAction\":[{\"@type\":\"ReadAction\",\"target\":[\"https:\/\/capitaltrust.cl\/historias-de-exito-de-capital-trust\/\"]}]},{\"@type\":\"BreadcrumbList\",\"@id\":\"https:\/\/capitaltrust.cl\/historias-de-exito-de-capital-trust\/#breadcrumb\",\"itemListElement\":[{\"@type\":\"ListItem\",\"position\":1,\"name\":\"Portada\",\"item\":\"https:\/\/capitaltrust.cl\/\"},{\"@type\":\"ListItem\",\"position\":2,\"name\":\"Experiencia\"}]},{\"@type\":\"WebSite\",\"@id\":\"https:\/\/capitaltrust.cl\/#website\",\"url\":\"https:\/\/capitaltrust.cl\/\",\"name\":\"Capital Trust\",\"description\":\"Asesor\u00eda independiente, libre de conflictos de inter\u00e9s, enfocada 100% en nuestros clientes.\",\"publisher\":{\"@id\":\"https:\/\/capitaltrust.cl\/#organization\"},\"potentialAction\":[{\"@type\":\"SearchAction\",\"target\":{\"@type\":\"EntryPoint\",\"urlTemplate\":\"https:\/\/capitaltrust.cl\/?s={search_term_string}\"},\"query-input\":\"required name=search_term_string\"}],\"inLanguage\":\"en-US\"},{\"@type\":\"Organization\",\"@id\":\"https:\/\/capitaltrust.cl\/#organization\",\"name\":\"Capital Trust\",\"url\":\"https:\/\/capitaltrust.cl\/\",\"logo\":{\"@type\":\"ImageObject\",\"inLanguage\":\"en-US\",\"@id\":\"https:\/\/capitaltrust.cl\/#\/schema\/logo\/image\/\",\"url\":\"https:\/\/capitaltrust.cl\/wp-content\/uploads\/2022\/11\/logo-capital-trust.svg\",\"contentUrl\":\"https:\/\/capitaltrust.cl\/wp-content\/uploads\/2022\/11\/logo-capital-trust.svg\",\"caption\":\"Capital Trust\"},\"image\":{\"@id\":\"https:\/\/capitaltrust.cl\/#\/schema\/logo\/image\/\"}}]}<\/script>\n<!-- \/ Yoast SEO plugin. -->","yoast_head_json":{"title":"Historias de \u00e9xito de Capital Trust","description":"Capital Trust success stories proof of our excellence and versatility","robots":{"index":"index","follow":"follow","max-snippet":"max-snippet:-1","max-image-preview":"max-image-preview:large","max-video-preview":"max-video-preview:-1"},"canonical":"https:\/\/capitaltrust.cl\/eng\/historias-de-exito-de-capital-trust\/","og_locale":"en_US","og_type":"article","og_title":"Historias de \u00e9xito de Capital Trust","og_description":"Historias de \u00e9xito de Capital Trust prueba de nuestra excelencia y versatilidad","og_url":"https:\/\/capitaltrust.cl\/eng\/historias-de-exito-de-capital-trust\/","og_site_name":"Capital Trust","article_modified_time":"2023-03-15T13:13:59+00:00","twitter_card":"summary_large_image","twitter_misc":{"Est. reading time":"1 minute"},"schema":{"@context":"https:\/\/schema.org","@graph":[{"@type":"WebPage","@id":"https:\/\/capitaltrust.cl\/historias-de-exito-de-capital-trust\/","url":"https:\/\/capitaltrust.cl\/historias-de-exito-de-capital-trust\/","name":"Historias de \u00e9xito de Capital Trust","isPartOf":{"@id":"https:\/\/capitaltrust.cl\/#website"},"datePublished":"2022-11-22T12:35:20+00:00","dateModified":"2023-03-15T13:13:59+00:00","description":"Capital Trust success stories proof of our excellence and versatility","breadcrumb":{"@id":"https:\/\/capitaltrust.cl\/historias-de-exito-de-capital-trust\/#breadcrumb"},"inLanguage":"en-US","potentialAction":[{"@type":"ReadAction","target":["https:\/\/capitaltrust.cl\/historias-de-exito-de-capital-trust\/"]}]},{"@type":"BreadcrumbList","@id":"https:\/\/capitaltrust.cl\/historias-de-exito-de-capital-trust\/#breadcrumb","itemListElement":[{"@type":"ListItem","position":1,"name":"Portada","item":"https:\/\/capitaltrust.cl\/"},{"@type":"ListItem","position":2,"name":"Experiencia"}]},{"@type":"WebSite","@id":"https:\/\/capitaltrust.cl\/#website","url":"https:\/\/capitaltrust.cl\/","name":"Capital Trust","description":"Asesor\u00eda independiente, libre de conflictos de inter\u00e9s, enfocada 100% en nuestros clientes.","publisher":{"@id":"https:\/\/capitaltrust.cl\/#organization"},"potentialAction":[{"@type":"SearchAction","target":{"@type":"EntryPoint","urlTemplate":"https:\/\/capitaltrust.cl\/?s={search_term_string}"},"query-input":"required name=search_term_string"}],"inLanguage":"en-US"},{"@type":"Organization","@id":"https:\/\/capitaltrust.cl\/#organization","name":"Capital Trust","url":"https:\/\/capitaltrust.cl\/","logo":{"@type":"ImageObject","inLanguage":"en-US","@id":"https:\/\/capitaltrust.cl\/#\/schema\/logo\/image\/","url":"https:\/\/capitaltrust.cl\/wp-content\/uploads\/2022\/11\/logo-capital-trust.svg","contentUrl":"https:\/\/capitaltrust.cl\/wp-content\/uploads\/2022\/11\/logo-capital-trust.svg","caption":"Capital Trust"},"image":{"@id":"https:\/\/capitaltrust.cl\/#\/schema\/logo\/image\/"}}]}},"_links":{"self":[{"href":"https:\/\/capitaltrust.cl\/eng\/wp-json\/wp\/v2\/pages\/628","targetHints":{"allow":["GET"]}}],"collection":[{"href":"https:\/\/capitaltrust.cl\/eng\/wp-json\/wp\/v2\/pages"}],"about":[{"href":"https:\/\/capitaltrust.cl\/eng\/wp-json\/wp\/v2\/types\/page"}],"author":[{"embeddable":true,"href":"https:\/\/capitaltrust.cl\/eng\/wp-json\/wp\/v2\/users\/1"}],"replies":[{"embeddable":true,"href":"https:\/\/capitaltrust.cl\/eng\/wp-json\/wp\/v2\/comments?post=628"}],"version-history":[{"count":44,"href":"https:\/\/capitaltrust.cl\/eng\/wp-json\/wp\/v2\/pages\/628\/revisions"}],"predecessor-version":[{"id":1680,"href":"https:\/\/capitaltrust.cl\/eng\/wp-json\/wp\/v2\/pages\/628\/revisions\/1680"}],"wp:attachment":[{"href":"https:\/\/capitaltrust.cl\/eng\/wp-json\/wp\/v2\/media?parent=628"}],"curies":[{"name":"wp","href":"https:\/\/api.w.org\/{rel}","templated":true}]}}