{"id":643,"date":"2022-11-22T13:39:28","date_gmt":"2022-11-22T13:39:28","guid":{"rendered":"https:\/\/capitaltrust.cl\/?page_id=643"},"modified":"2022-12-27T14:45:39","modified_gmt":"2022-12-27T14:45:39","slug":"nuestra-red","status":"publish","type":"page","link":"https:\/\/capitaltrust.cl\/eng\/nuestra-red\/","title":{"rendered":"Our Network"},"content":{"rendered":"<div data-elementor-type=\"wp-page\" data-elementor-id=\"643\" class=\"elementor elementor-643\">\n\t\t\t\t\t\t<div class=\"elementor-inner\">\n\t\t\t\t<div class=\"elementor-section-wrap\">\n\t\t\t\t\t\t\t\t\t<section data-dce-background-image-url=\"https:\/\/capitaltrust.cl\/wp-content\/uploads\/2022\/11\/cabecera-nuestra-red.jpg\" class=\"elementor-section elementor-top-section elementor-element elementor-element-96f1f27 home-video elementor-section-boxed elementor-section-height-default elementor-section-height-default\" data-id=\"96f1f27\" data-element_type=\"section\" data-settings=\"{&quot;background_background&quot;:&quot;classic&quot;}\">\n\t\t\t\t\t\t<div class=\"elementor-container elementor-column-gap-default\">\n\t\t\t\t\t\t\t<div class=\"elementor-row\">\n\t\t\t\t\t<div class=\"elementor-column elementor-col-100 elementor-top-column elementor-element elementor-element-6c938c2\" data-id=\"6c938c2\" data-element_type=\"column\">\n\t\t\t<div class=\"elementor-column-wrap elementor-element-populated\">\n\t\t\t\t\t\t\t<div class=\"elementor-widget-wrap\">\n\t\t\t\t\t\t<div class=\"elementor-element elementor-element-4d50556 elementor-widget elementor-widget-theme-post-title elementor-page-title elementor-widget-heading\" data-id=\"4d50556\" data-element_type=\"widget\" data-widget_type=\"theme-post-title.default\">\n\t\t\t\t<div class=\"elementor-widget-container\">\n\t\t\t<h1 class=\"elementor-heading-title elementor-size-default\">Our Network<\/h1>\t\t<\/div>\n\t\t\t\t<\/div>\n\t\t\t\t\t\t<\/div>\n\t\t\t\t\t<\/div>\n\t\t<\/div>\n\t\t\t\t\t\t\t\t<\/div>\n\t\t\t\t\t<\/div>\n\t\t<\/section>\n\t\t\t\t<section class=\"elementor-section elementor-top-section elementor-element elementor-element-28030b7 elementor-section-boxed elementor-section-height-default elementor-section-height-default\" data-id=\"28030b7\" data-element_type=\"section\">\n\t\t\t\t\t\t<div class=\"elementor-container elementor-column-gap-default\">\n\t\t\t\t\t\t\t<div class=\"elementor-row\">\n\t\t\t\t\t<div class=\"elementor-column elementor-col-100 elementor-top-column elementor-element elementor-element-742ce78\" data-id=\"742ce78\" data-element_type=\"column\">\n\t\t\t<div class=\"elementor-column-wrap elementor-element-populated\">\n\t\t\t\t\t\t\t<div class=\"elementor-widget-wrap\">\n\t\t\t\t\t\t<section class=\"elementor-section elementor-inner-section elementor-element elementor-element-3e11b6c elementor-section-boxed elementor-section-height-default elementor-section-height-default\" data-id=\"3e11b6c\" data-element_type=\"section\" data-settings=\"{&quot;background_background&quot;:&quot;classic&quot;}\">\n\t\t\t\t\t\t<div class=\"elementor-container elementor-column-gap-default\">\n\t\t\t\t\t\t\t<div class=\"elementor-row\">\n\t\t\t\t\t<div class=\"elementor-column elementor-col-100 elementor-inner-column elementor-element elementor-element-e282d55\" data-id=\"e282d55\" data-element_type=\"column\">\n\t\t\t<div class=\"elementor-column-wrap elementor-element-populated\">\n\t\t\t\t\t\t\t<div class=\"elementor-widget-wrap\">\n\t\t\t\t\t\t<div class=\"elementor-element elementor-element-65e27b7 elementor-widget elementor-widget-text-editor\" data-id=\"65e27b7\" data-element_type=\"widget\" data-widget_type=\"text-editor.default\">\n\t\t\t\t<div class=\"elementor-widget-container\">\n\t\t\t\t\t\t\t\t<div class=\"elementor-text-editor elementor-clearfix\">\n\t\t\t\t<p>Creating value locally, with a global perspective<\/p>\t\t\t\t\t<\/div>\n\t\t\t\t\t\t<\/div>\n\t\t\t\t<\/div>\n\t\t\t\t\t\t<\/div>\n\t\t\t\t\t<\/div>\n\t\t<\/div>\n\t\t\t\t\t\t\t\t<\/div>\n\t\t\t\t\t<\/div>\n\t\t<\/section>\n\t\t\t\t\t\t<\/div>\n\t\t\t\t\t<\/div>\n\t\t<\/div>\n\t\t\t\t\t\t\t\t<\/div>\n\t\t\t\t\t<\/div>\n\t\t<\/section>\n\t\t\t\t<section data-dce-background-image-url=\"https:\/\/capitaltrust.cl\/wp-content\/uploads\/2022\/11\/mapa-red.png\" class=\"elementor-section elementor-top-section elementor-element elementor-element-6a1e97d elementor-section-height-min-height elementor-section-items-top mapa elementor-section-boxed elementor-section-height-default\" data-id=\"6a1e97d\" data-element_type=\"section\" data-settings=\"{&quot;background_background&quot;:&quot;classic&quot;}\">\n\t\t\t\t\t\t<div class=\"elementor-container elementor-column-gap-default\">\n\t\t\t\t\t\t\t<div class=\"elementor-row\">\n\t\t\t\t\t<div class=\"elementor-column elementor-col-50 elementor-top-column elementor-element elementor-element-2af2664\" data-id=\"2af2664\" data-element_type=\"column\">\n\t\t\t<div class=\"elementor-column-wrap\">\n\t\t\t\t\t\t\t<div class=\"elementor-widget-wrap\">\n\t\t\t\t\t\t\t\t<\/div>\n\t\t\t\t\t<\/div>\n\t\t<\/div>\n\t\t\t\t<div class=\"elementor-column elementor-col-50 elementor-top-column elementor-element elementor-element-e5282a0\" data-id=\"e5282a0\" data-element_type=\"column\">\n\t\t\t<div class=\"elementor-column-wrap elementor-element-populated\">\n\t\t\t\t\t\t\t<div class=\"elementor-widget-wrap\">\n\t\t\t\t\t\t<div class=\"elementor-element elementor-element-78a6217 animated-slow elementor-invisible elementor-widget elementor-widget-text-editor\" data-id=\"78a6217\" data-element_type=\"widget\" data-settings=\"{&quot;_animation&quot;:&quot;fadeInUp&quot;}\" data-widget_type=\"text-editor.default\">\n\t\t\t\t<div class=\"elementor-widget-container\">\n\t\t\t\t\t\t\t\t<div class=\"elementor-text-editor elementor-clearfix\">\n\t\t\t\t<p>At Capital Trust we assist our clients to create value through M&amp;A, financing, and divestment processes, as well as to manage crisis situations.<\/p><p>Over time and based on the transactions we have carried out with international investors, we have generated a network based on personal relationships with different Global entities, which allows us to give our Mandates Regional coverage, assisting our clients to face any challenge or explore a new area of \u200b\u200bpotential growth.<\/p>\t\t\t\t\t<\/div>\n\t\t\t\t\t\t<\/div>\n\t\t\t\t<\/div>\n\t\t\t\t\t\t<\/div>\n\t\t\t\t\t<\/div>\n\t\t<\/div>\n\t\t\t\t\t\t\t\t<\/div>\n\t\t\t\t\t<\/div>\n\t\t<\/section>\n\t\t\t\t\t\t\t\t\t<\/div>\n\t\t\t<\/div>\n\t\t\t\t\t<\/div>","protected":false},"excerpt":{"rendered":"<p>Creando valor local, con una mirada Global En Capital Trust asistimos a nuestros clientes a crear valor a trav\u00e9s de sus procesos de fusi\u00f3n, adquisici\u00f3n, financiamiento y desinversi\u00f3n, as\u00ed como a gestionar situaciones de crisis. Con el paso del tiempo y basados en las transacciones que hemos realizado con inversionistas internacionales, hemos generado una red &hellip;<\/p>\n<p class=\"read-more\"> <a class=\"\" href=\"https:\/\/capitaltrust.cl\/eng\/nuestra-red\/\"> <span class=\"screen-reader-text\">Our Network<\/span> Read More &raquo;<\/a><\/p>","protected":false},"author":1,"featured_media":0,"parent":0,"menu_order":0,"comment_status":"closed","ping_status":"closed","template":"","meta":{"site-sidebar-layout":"no-sidebar","site-content-layout":"page-builder","ast-global-header-display":"","ast-main-header-display":"","ast-hfb-above-header-display":"","ast-hfb-below-header-display":"","ast-hfb-mobile-header-display":"","site-post-title":"disabled","ast-breadcrumbs-content":"","ast-featured-img":"disabled","footer-sml-layout":"","theme-transparent-header-meta":"","adv-header-id-meta":"","stick-header-meta":"","header-above-stick-meta":"","header-main-stick-meta":"","header-below-stick-meta":"","footnotes":""},"class_list":["post-643","page","type-page","status-publish","hentry"],"acf":[],"yoast_head":"<!-- This site is optimized with the Yoast SEO plugin v20.3 - https:\/\/yoast.com\/wordpress\/plugins\/seo\/ -->\n<title>Nuestra Red - Capital Trust<\/title>\n<meta name=\"robots\" content=\"index, follow, max-snippet:-1, max-image-preview:large, max-video-preview:-1\" \/>\n<link rel=\"canonical\" href=\"https:\/\/capitaltrust.cl\/eng\/nuestra-red\/\" \/>\n<meta property=\"og:locale\" content=\"en_US\" \/>\n<meta property=\"og:type\" content=\"article\" \/>\n<meta property=\"og:title\" content=\"Nuestra Red - Capital Trust\" \/>\n<meta property=\"og:description\" content=\"Creando valor local, con una mirada Global En Capital Trust asistimos a nuestros clientes a crear valor a trav\u00e9s de sus procesos de fusi\u00f3n, adquisici\u00f3n, financiamiento y desinversi\u00f3n, as\u00ed como a gestionar situaciones de crisis. Con el paso del tiempo y basados en las transacciones que hemos realizado con inversionistas internacionales, hemos generado una red &hellip; Nuestra Red Read More &raquo;\" \/>\n<meta property=\"og:url\" content=\"https:\/\/capitaltrust.cl\/eng\/nuestra-red\/\" \/>\n<meta property=\"og:site_name\" content=\"Capital Trust\" \/>\n<meta property=\"article:modified_time\" content=\"2022-12-27T14:45:39+00:00\" \/>\n<meta name=\"twitter:card\" content=\"summary_large_image\" \/>\n<script type=\"application\/ld+json\" class=\"yoast-schema-graph\">{\"@context\":\"https:\/\/schema.org\",\"@graph\":[{\"@type\":\"WebPage\",\"@id\":\"https:\/\/capitaltrust.cl\/nuestra-red\/\",\"url\":\"https:\/\/capitaltrust.cl\/nuestra-red\/\",\"name\":\"Nuestra Red - Capital Trust\",\"isPartOf\":{\"@id\":\"https:\/\/capitaltrust.cl\/#website\"},\"datePublished\":\"2022-11-22T13:39:28+00:00\",\"dateModified\":\"2022-12-27T14:45:39+00:00\",\"breadcrumb\":{\"@id\":\"https:\/\/capitaltrust.cl\/nuestra-red\/#breadcrumb\"},\"inLanguage\":\"en-US\",\"potentialAction\":[{\"@type\":\"ReadAction\",\"target\":[\"https:\/\/capitaltrust.cl\/nuestra-red\/\"]}]},{\"@type\":\"BreadcrumbList\",\"@id\":\"https:\/\/capitaltrust.cl\/nuestra-red\/#breadcrumb\",\"itemListElement\":[{\"@type\":\"ListItem\",\"position\":1,\"name\":\"Portada\",\"item\":\"https:\/\/capitaltrust.cl\/\"},{\"@type\":\"ListItem\",\"position\":2,\"name\":\"Nuestra Red\"}]},{\"@type\":\"WebSite\",\"@id\":\"https:\/\/capitaltrust.cl\/#website\",\"url\":\"https:\/\/capitaltrust.cl\/\",\"name\":\"Capital Trust\",\"description\":\"Asesor\u00eda independiente, libre de conflictos de inter\u00e9s, enfocada 100% en nuestros clientes.\",\"publisher\":{\"@id\":\"https:\/\/capitaltrust.cl\/#organization\"},\"potentialAction\":[{\"@type\":\"SearchAction\",\"target\":{\"@type\":\"EntryPoint\",\"urlTemplate\":\"https:\/\/capitaltrust.cl\/?s={search_term_string}\"},\"query-input\":\"required name=search_term_string\"}],\"inLanguage\":\"en-US\"},{\"@type\":\"Organization\",\"@id\":\"https:\/\/capitaltrust.cl\/#organization\",\"name\":\"Capital Trust\",\"url\":\"https:\/\/capitaltrust.cl\/\",\"logo\":{\"@type\":\"ImageObject\",\"inLanguage\":\"en-US\",\"@id\":\"https:\/\/capitaltrust.cl\/#\/schema\/logo\/image\/\",\"url\":\"https:\/\/capitaltrust.cl\/wp-content\/uploads\/2022\/11\/logo-capital-trust.svg\",\"contentUrl\":\"https:\/\/capitaltrust.cl\/wp-content\/uploads\/2022\/11\/logo-capital-trust.svg\",\"caption\":\"Capital Trust\"},\"image\":{\"@id\":\"https:\/\/capitaltrust.cl\/#\/schema\/logo\/image\/\"}}]}<\/script>\n<!-- \/ Yoast SEO plugin. -->","yoast_head_json":{"title":"Nuestra Red - Capital Trust","robots":{"index":"index","follow":"follow","max-snippet":"max-snippet:-1","max-image-preview":"max-image-preview:large","max-video-preview":"max-video-preview:-1"},"canonical":"https:\/\/capitaltrust.cl\/eng\/nuestra-red\/","og_locale":"en_US","og_type":"article","og_title":"Nuestra Red - Capital Trust","og_description":"Creando valor local, con una mirada Global En Capital Trust asistimos a nuestros clientes a crear valor a trav\u00e9s de sus procesos de fusi\u00f3n, adquisici\u00f3n, financiamiento y desinversi\u00f3n, as\u00ed como a gestionar situaciones de crisis. Con el paso del tiempo y basados en las transacciones que hemos realizado con inversionistas internacionales, hemos generado una red &hellip; Nuestra Red Read More &raquo;","og_url":"https:\/\/capitaltrust.cl\/eng\/nuestra-red\/","og_site_name":"Capital Trust","article_modified_time":"2022-12-27T14:45:39+00:00","twitter_card":"summary_large_image","schema":{"@context":"https:\/\/schema.org","@graph":[{"@type":"WebPage","@id":"https:\/\/capitaltrust.cl\/nuestra-red\/","url":"https:\/\/capitaltrust.cl\/nuestra-red\/","name":"Nuestra Red - Capital Trust","isPartOf":{"@id":"https:\/\/capitaltrust.cl\/#website"},"datePublished":"2022-11-22T13:39:28+00:00","dateModified":"2022-12-27T14:45:39+00:00","breadcrumb":{"@id":"https:\/\/capitaltrust.cl\/nuestra-red\/#breadcrumb"},"inLanguage":"en-US","potentialAction":[{"@type":"ReadAction","target":["https:\/\/capitaltrust.cl\/nuestra-red\/"]}]},{"@type":"BreadcrumbList","@id":"https:\/\/capitaltrust.cl\/nuestra-red\/#breadcrumb","itemListElement":[{"@type":"ListItem","position":1,"name":"Portada","item":"https:\/\/capitaltrust.cl\/"},{"@type":"ListItem","position":2,"name":"Nuestra Red"}]},{"@type":"WebSite","@id":"https:\/\/capitaltrust.cl\/#website","url":"https:\/\/capitaltrust.cl\/","name":"Capital Trust","description":"Asesor\u00eda independiente, libre de conflictos de inter\u00e9s, enfocada 100% en nuestros clientes.","publisher":{"@id":"https:\/\/capitaltrust.cl\/#organization"},"potentialAction":[{"@type":"SearchAction","target":{"@type":"EntryPoint","urlTemplate":"https:\/\/capitaltrust.cl\/?s={search_term_string}"},"query-input":"required name=search_term_string"}],"inLanguage":"en-US"},{"@type":"Organization","@id":"https:\/\/capitaltrust.cl\/#organization","name":"Capital Trust","url":"https:\/\/capitaltrust.cl\/","logo":{"@type":"ImageObject","inLanguage":"en-US","@id":"https:\/\/capitaltrust.cl\/#\/schema\/logo\/image\/","url":"https:\/\/capitaltrust.cl\/wp-content\/uploads\/2022\/11\/logo-capital-trust.svg","contentUrl":"https:\/\/capitaltrust.cl\/wp-content\/uploads\/2022\/11\/logo-capital-trust.svg","caption":"Capital Trust"},"image":{"@id":"https:\/\/capitaltrust.cl\/#\/schema\/logo\/image\/"}}]}},"_links":{"self":[{"href":"https:\/\/capitaltrust.cl\/eng\/wp-json\/wp\/v2\/pages\/643","targetHints":{"allow":["GET"]}}],"collection":[{"href":"https:\/\/capitaltrust.cl\/eng\/wp-json\/wp\/v2\/pages"}],"about":[{"href":"https:\/\/capitaltrust.cl\/eng\/wp-json\/wp\/v2\/types\/page"}],"author":[{"embeddable":true,"href":"https:\/\/capitaltrust.cl\/eng\/wp-json\/wp\/v2\/users\/1"}],"replies":[{"embeddable":true,"href":"https:\/\/capitaltrust.cl\/eng\/wp-json\/wp\/v2\/comments?post=643"}],"version-history":[{"count":58,"href":"https:\/\/capitaltrust.cl\/eng\/wp-json\/wp\/v2\/pages\/643\/revisions"}],"predecessor-version":[{"id":1125,"href":"https:\/\/capitaltrust.cl\/eng\/wp-json\/wp\/v2\/pages\/643\/revisions\/1125"}],"wp:attachment":[{"href":"https:\/\/capitaltrust.cl\/eng\/wp-json\/wp\/v2\/media?parent=643"}],"curies":[{"name":"wp","href":"https:\/\/api.w.org\/{rel}","templated":true}]}}