{"id":900,"date":"2022-11-24T15:23:35","date_gmt":"2022-11-24T15:23:35","guid":{"rendered":"https:\/\/capitaltrust.cl\/?page_id=900"},"modified":"2022-12-27T14:56:02","modified_gmt":"2022-12-27T14:56:02","slug":"postula","status":"publish","type":"page","link":"https:\/\/capitaltrust.cl\/eng\/postula\/","title":{"rendered":"Apply"},"content":{"rendered":"<div data-elementor-type=\"wp-page\" data-elementor-id=\"900\" class=\"elementor elementor-900\">\n\t\t\t\t\t\t<div class=\"elementor-inner\">\n\t\t\t\t<div class=\"elementor-section-wrap\">\n\t\t\t\t\t\t\t\t\t<section data-dce-background-image-url=\"https:\/\/capitaltrust.cl\/wp-content\/uploads\/2022\/11\/cabecera-postula.jpg\" class=\"elementor-section elementor-top-section elementor-element elementor-element-b64a9f4 home-video elementor-section-boxed elementor-section-height-default elementor-section-height-default\" data-id=\"b64a9f4\" data-element_type=\"section\" data-settings=\"{&quot;background_background&quot;:&quot;classic&quot;}\">\n\t\t\t\t\t\t<div class=\"elementor-container elementor-column-gap-default\">\n\t\t\t\t\t\t\t<div class=\"elementor-row\">\n\t\t\t\t\t<div class=\"elementor-column elementor-col-100 elementor-top-column elementor-element elementor-element-b96f7ab\" data-id=\"b96f7ab\" data-element_type=\"column\">\n\t\t\t<div class=\"elementor-column-wrap elementor-element-populated\">\n\t\t\t\t\t\t\t<div class=\"elementor-widget-wrap\">\n\t\t\t\t\t\t<div class=\"elementor-element elementor-element-757c56f elementor-widget elementor-widget-theme-post-title elementor-page-title elementor-widget-heading\" data-id=\"757c56f\" data-element_type=\"widget\" data-widget_type=\"theme-post-title.default\">\n\t\t\t\t<div class=\"elementor-widget-container\">\n\t\t\t<h1 class=\"elementor-heading-title elementor-size-default\">Apply<\/h1>\t\t<\/div>\n\t\t\t\t<\/div>\n\t\t\t\t\t\t<\/div>\n\t\t\t\t\t<\/div>\n\t\t<\/div>\n\t\t\t\t\t\t\t\t<\/div>\n\t\t\t\t\t<\/div>\n\t\t<\/section>\n\t\t\t\t<section class=\"elementor-section elementor-top-section elementor-element elementor-element-53d9d3c elementor-section-boxed elementor-section-height-default elementor-section-height-default\" data-id=\"53d9d3c\" data-element_type=\"section\">\n\t\t\t\t\t\t<div class=\"elementor-container elementor-column-gap-default\">\n\t\t\t\t\t\t\t<div class=\"elementor-row\">\n\t\t\t\t\t<div class=\"elementor-column elementor-col-100 elementor-top-column elementor-element elementor-element-7bd49a0\" data-id=\"7bd49a0\" data-element_type=\"column\">\n\t\t\t<div class=\"elementor-column-wrap elementor-element-populated\">\n\t\t\t\t\t\t\t<div class=\"elementor-widget-wrap\">\n\t\t\t\t\t\t<section class=\"elementor-section elementor-inner-section elementor-element elementor-element-34aeb63 elementor-section-boxed elementor-section-height-default elementor-section-height-default\" data-id=\"34aeb63\" data-element_type=\"section\" data-settings=\"{&quot;background_background&quot;:&quot;classic&quot;}\">\n\t\t\t\t\t\t<div class=\"elementor-container elementor-column-gap-default\">\n\t\t\t\t\t\t\t<div class=\"elementor-row\">\n\t\t\t\t\t<div class=\"elementor-column elementor-col-100 elementor-inner-column elementor-element elementor-element-a49699d\" data-id=\"a49699d\" data-element_type=\"column\">\n\t\t\t<div class=\"elementor-column-wrap elementor-element-populated\">\n\t\t\t\t\t\t\t<div class=\"elementor-widget-wrap\">\n\t\t\t\t\t\t<div class=\"elementor-element elementor-element-4d4a7bb elementor-widget elementor-widget-text-editor\" data-id=\"4d4a7bb\" data-element_type=\"widget\" data-widget_type=\"text-editor.default\">\n\t\t\t\t<div class=\"elementor-widget-container\">\n\t\t\t\t\t\t\t\t<div class=\"elementor-text-editor elementor-clearfix\">\n\t\t\t\t<p>If you have interest to develop yourself in Corporate Finance, we invite you to share your Curriculum with us<\/p>\t\t\t\t\t<\/div>\n\t\t\t\t\t\t<\/div>\n\t\t\t\t<\/div>\n\t\t\t\t\t\t<\/div>\n\t\t\t\t\t<\/div>\n\t\t<\/div>\n\t\t\t\t\t\t\t\t<\/div>\n\t\t\t\t\t<\/div>\n\t\t<\/section>\n\t\t\t\t\t\t<\/div>\n\t\t\t\t\t<\/div>\n\t\t<\/div>\n\t\t\t\t\t\t\t\t<\/div>\n\t\t\t\t\t<\/div>\n\t\t<\/section>\n\t\t\t\t<section class=\"elementor-section elementor-top-section elementor-element elementor-element-6f91cc4 elementor-section-boxed elementor-section-height-default elementor-section-height-default\" data-id=\"6f91cc4\" data-element_type=\"section\">\n\t\t\t\t\t\t<div class=\"elementor-container elementor-column-gap-default\">\n\t\t\t\t\t\t\t<div class=\"elementor-row\">\n\t\t\t\t\t<div class=\"elementor-column elementor-col-50 elementor-top-column elementor-element elementor-element-9d9569e\" data-id=\"9d9569e\" data-element_type=\"column\">\n\t\t\t<div class=\"elementor-column-wrap elementor-element-populated\">\n\t\t\t\t\t\t\t<div class=\"elementor-widget-wrap\">\n\t\t\t\t\t\t<div class=\"elementor-element elementor-element-2aa513b elementor-widget elementor-widget-text-editor\" data-id=\"2aa513b\" data-element_type=\"widget\" data-widget_type=\"text-editor.default\">\n\t\t\t\t<div class=\"elementor-widget-container\">\n\t\t\t\t\t\t\t\t<div class=\"elementor-text-editor elementor-clearfix\">\n\t\t\t\t<p>We are looking for people who stand out for: being motivated and honest; empathic; with the ability to self-lead; with desire to learn; and with some knowledge of Finance.<\/p>\t\t\t\t\t<\/div>\n\t\t\t\t\t\t<\/div>\n\t\t\t\t<\/div>\n\t\t\t\t\t\t<\/div>\n\t\t\t\t\t<\/div>\n\t\t<\/div>\n\t\t\t\t<div class=\"elementor-column elementor-col-50 elementor-top-column elementor-element elementor-element-e856a43\" data-id=\"e856a43\" data-element_type=\"column\">\n\t\t\t<div class=\"elementor-column-wrap elementor-element-populated\">\n\t\t\t\t\t\t\t<div class=\"elementor-widget-wrap\">\n\t\t\t\t\t\t<div class=\"elementor-element elementor-element-de088f3 elementor-widget elementor-widget-shortcode\" data-id=\"de088f3\" data-element_type=\"widget\" data-widget_type=\"shortcode.default\">\n\t\t\t\t<div class=\"elementor-widget-container\">\n\t\t\t\t\t<div class=\"elementor-shortcode\">\n<div class=\"wpcf7 no-js\" id=\"wpcf7-f907-o1\" lang=\"es-ES\" dir=\"ltr\" data-wpcf7-id=\"907\">\n<div class=\"screen-reader-response\"><p role=\"status\" aria-live=\"polite\" aria-atomic=\"true\"><\/p> <ul><\/ul><\/div>\n<form action=\"\/eng\/wp-json\/wp\/v2\/pages\/900#wpcf7-f907-o1\" method=\"post\" class=\"wpcf7-form init\" aria-label=\"Formulario de contacto\" enctype=\"multipart\/form-data\" novalidate=\"novalidate\" data-status=\"init\" data-trp-original-action=\"\/eng\/wp-json\/wp\/v2\/pages\/900#wpcf7-f907-o1\">\n<fieldset class=\"hidden-fields-container\"><input type=\"hidden\" name=\"_wpcf7\" value=\"907\" \/><input type=\"hidden\" name=\"_wpcf7_version\" value=\"6.1.5\" \/><input type=\"hidden\" name=\"_wpcf7_locale\" value=\"es_ES\" \/><input type=\"hidden\" name=\"_wpcf7_unit_tag\" value=\"wpcf7-f907-o1\" \/><input type=\"hidden\" name=\"_wpcf7_container_post\" value=\"0\" \/><input type=\"hidden\" name=\"_wpcf7_posted_data_hash\" value=\"\" \/><input type=\"hidden\" name=\"_wpcf7_recaptcha_response\" value=\"\" \/>\n<\/fieldset>\n<div class=\"form\">\n<div class=\"form__item\">\n<label>Name<\/label>\n<span class=\"wpcf7-form-control-wrap\" data-name=\"nombre\"><input size=\"40\" maxlength=\"400\" class=\"wpcf7-form-control wpcf7-text wpcf7-validates-as-required\" aria-required=\"true\" aria-invalid=\"false\" value=\"\" type=\"text\" name=\"nombre\" \/><\/span>\n<\/div>\n<div class=\"form__item\">\n<label>Last name<\/label>\n<span class=\"wpcf7-form-control-wrap\" data-name=\"apellido\"><input size=\"40\" maxlength=\"400\" class=\"wpcf7-form-control wpcf7-text wpcf7-validates-as-required\" aria-required=\"true\" aria-invalid=\"false\" value=\"\" type=\"text\" name=\"apellido\" \/><\/span>\n<\/div>\n<div class=\"form__item\">\n<label>Email<\/label>\n<span class=\"wpcf7-form-control-wrap\" data-name=\"correo\"><input size=\"40\" maxlength=\"400\" class=\"wpcf7-form-control wpcf7-email wpcf7-validates-as-required wpcf7-text wpcf7-validates-as-email\" aria-required=\"true\" aria-invalid=\"false\" value=\"\" type=\"email\" name=\"correo\" \/><\/span>\n<\/div>\n<div class=\"form__item\">\n<label>Phone<\/label>\n<span class=\"wpcf7-form-control-wrap\" data-name=\"celular\"><input size=\"40\" maxlength=\"400\" class=\"wpcf7-form-control wpcf7-tel wpcf7-validates-as-required wpcf7-text wpcf7-validates-as-tel\" aria-required=\"true\" aria-invalid=\"false\" value=\"\" type=\"tel\" name=\"celular\" \/><\/span>\n<\/div>\n<div class=\"form__item form__item--full\">\n<label>Attach CV:<\/label>\n<div class=\"file-wrapper\"><span id=\"fileName\" class=\"file-name\">Attach only files with a pdf, doc or docx extension.<\/span><label class=\"btn file-input\">Attach<span class=\"wpcf7-form-control-wrap\" data-name=\"cv\"><input size=\"40\" class=\"wpcf7-form-control wpcf7-file wpcf7-validates-as-required\" id=\"file\" accept=\".doc,.docx,.pdf\" aria-required=\"true\" aria-invalid=\"false\" type=\"file\" name=\"cv\" \/><\/span><\/label><\/div>\n<\/div>\n<div class=\"form__item form__item--full\">\n<input class=\"wpcf7-form-control wpcf7-submit has-spinner btn\" type=\"submit\" value=\"Send\" \/>\n<\/div>\n<\/div><div class=\"wpcf7-response-output\" aria-hidden=\"true\"><\/div>\n<input type=\"hidden\" name=\"trp-form-language\" value=\"eng\"\/><\/form>\n<\/div>\n<\/div>\n\t\t\t\t<\/div>\n\t\t\t\t<\/div>\n\t\t\t\t\t\t<\/div>\n\t\t\t\t\t<\/div>\n\t\t<\/div>\n\t\t\t\t\t\t\t\t<\/div>\n\t\t\t\t\t<\/div>\n\t\t<\/section>\n\t\t\t\t\t\t\t\t\t<\/div>\n\t\t\t<\/div>\n\t\t\t\t\t<\/div>","protected":false},"excerpt":{"rendered":"<p>Si tienes inter\u00e9s por desarrollarte en el rubro de Finanzas Corporativas, te invitamos a enviarnos tu Curriculum por esta v\u00eda Buscamos personas que destaquen por: ser motivadas y honestas; emp\u00e1ticas; con la capacidad de auto liderarse; con ganas de aprender; y con conocimiento de Finanzas.<\/p>","protected":false},"author":1,"featured_media":0,"parent":0,"menu_order":0,"comment_status":"closed","ping_status":"closed","template":"","meta":{"site-sidebar-layout":"no-sidebar","site-content-layout":"page-builder","ast-global-header-display":"","ast-main-header-display":"","ast-hfb-above-header-display":"","ast-hfb-below-header-display":"","ast-hfb-mobile-header-display":"","site-post-title":"disabled","ast-breadcrumbs-content":"","ast-featured-img":"disabled","footer-sml-layout":"","theme-transparent-header-meta":"","adv-header-id-meta":"","stick-header-meta":"","header-above-stick-meta":"","header-main-stick-meta":"","header-below-stick-meta":"","footnotes":""},"class_list":["post-900","page","type-page","status-publish","hentry"],"acf":[],"yoast_head":"<!-- This site is optimized with the Yoast SEO plugin v20.3 - https:\/\/yoast.com\/wordpress\/plugins\/seo\/ -->\n<title>Postula - Capital Trust<\/title>\n<meta name=\"robots\" content=\"index, follow, max-snippet:-1, max-image-preview:large, max-video-preview:-1\" \/>\n<link rel=\"canonical\" href=\"https:\/\/capitaltrust.cl\/eng\/postula\/\" \/>\n<meta property=\"og:locale\" content=\"en_US\" \/>\n<meta property=\"og:type\" content=\"article\" \/>\n<meta property=\"og:title\" content=\"Postula - Capital Trust\" \/>\n<meta property=\"og:description\" content=\"Si tienes inter\u00e9s por desarrollarte en el rubro de Finanzas Corporativas, te invitamos a enviarnos tu Curriculum por esta v\u00eda Buscamos personas que destaquen por: ser motivadas y honestas; emp\u00e1ticas; con la capacidad de auto liderarse; con ganas de aprender; y con conocimiento de Finanzas.\" \/>\n<meta property=\"og:url\" content=\"https:\/\/capitaltrust.cl\/eng\/postula\/\" \/>\n<meta property=\"og:site_name\" content=\"Capital Trust\" \/>\n<meta property=\"article:modified_time\" content=\"2022-12-27T14:56:02+00:00\" \/>\n<meta name=\"twitter:card\" content=\"summary_large_image\" \/>\n<script type=\"application\/ld+json\" class=\"yoast-schema-graph\">{\"@context\":\"https:\/\/schema.org\",\"@graph\":[{\"@type\":\"WebPage\",\"@id\":\"https:\/\/capitaltrust.cl\/postula\/\",\"url\":\"https:\/\/capitaltrust.cl\/postula\/\",\"name\":\"Postula - Capital Trust\",\"isPartOf\":{\"@id\":\"https:\/\/capitaltrust.cl\/#website\"},\"datePublished\":\"2022-11-24T15:23:35+00:00\",\"dateModified\":\"2022-12-27T14:56:02+00:00\",\"breadcrumb\":{\"@id\":\"https:\/\/capitaltrust.cl\/postula\/#breadcrumb\"},\"inLanguage\":\"en-US\",\"potentialAction\":[{\"@type\":\"ReadAction\",\"target\":[\"https:\/\/capitaltrust.cl\/postula\/\"]}]},{\"@type\":\"BreadcrumbList\",\"@id\":\"https:\/\/capitaltrust.cl\/postula\/#breadcrumb\",\"itemListElement\":[{\"@type\":\"ListItem\",\"position\":1,\"name\":\"Portada\",\"item\":\"https:\/\/capitaltrust.cl\/\"},{\"@type\":\"ListItem\",\"position\":2,\"name\":\"Postula\"}]},{\"@type\":\"WebSite\",\"@id\":\"https:\/\/capitaltrust.cl\/#website\",\"url\":\"https:\/\/capitaltrust.cl\/\",\"name\":\"Capital Trust\",\"description\":\"Asesor\u00eda independiente, libre de conflictos de inter\u00e9s, enfocada 100% en nuestros clientes.\",\"publisher\":{\"@id\":\"https:\/\/capitaltrust.cl\/#organization\"},\"potentialAction\":[{\"@type\":\"SearchAction\",\"target\":{\"@type\":\"EntryPoint\",\"urlTemplate\":\"https:\/\/capitaltrust.cl\/?s={search_term_string}\"},\"query-input\":\"required name=search_term_string\"}],\"inLanguage\":\"en-US\"},{\"@type\":\"Organization\",\"@id\":\"https:\/\/capitaltrust.cl\/#organization\",\"name\":\"Capital Trust\",\"url\":\"https:\/\/capitaltrust.cl\/\",\"logo\":{\"@type\":\"ImageObject\",\"inLanguage\":\"en-US\",\"@id\":\"https:\/\/capitaltrust.cl\/#\/schema\/logo\/image\/\",\"url\":\"https:\/\/capitaltrust.cl\/wp-content\/uploads\/2022\/11\/logo-capital-trust.svg\",\"contentUrl\":\"https:\/\/capitaltrust.cl\/wp-content\/uploads\/2022\/11\/logo-capital-trust.svg\",\"caption\":\"Capital Trust\"},\"image\":{\"@id\":\"https:\/\/capitaltrust.cl\/#\/schema\/logo\/image\/\"}}]}<\/script>\n<!-- \/ Yoast SEO plugin. -->","yoast_head_json":{"title":"Postula - Capital Trust","robots":{"index":"index","follow":"follow","max-snippet":"max-snippet:-1","max-image-preview":"max-image-preview:large","max-video-preview":"max-video-preview:-1"},"canonical":"https:\/\/capitaltrust.cl\/eng\/postula\/","og_locale":"en_US","og_type":"article","og_title":"Postula - Capital Trust","og_description":"Si tienes inter\u00e9s por desarrollarte en el rubro de Finanzas Corporativas, te invitamos a enviarnos tu Curriculum por esta v\u00eda Buscamos personas que destaquen por: ser motivadas y honestas; emp\u00e1ticas; con la capacidad de auto liderarse; con ganas de aprender; y con conocimiento de Finanzas.","og_url":"https:\/\/capitaltrust.cl\/eng\/postula\/","og_site_name":"Capital Trust","article_modified_time":"2022-12-27T14:56:02+00:00","twitter_card":"summary_large_image","schema":{"@context":"https:\/\/schema.org","@graph":[{"@type":"WebPage","@id":"https:\/\/capitaltrust.cl\/postula\/","url":"https:\/\/capitaltrust.cl\/postula\/","name":"Postula - Capital Trust","isPartOf":{"@id":"https:\/\/capitaltrust.cl\/#website"},"datePublished":"2022-11-24T15:23:35+00:00","dateModified":"2022-12-27T14:56:02+00:00","breadcrumb":{"@id":"https:\/\/capitaltrust.cl\/postula\/#breadcrumb"},"inLanguage":"en-US","potentialAction":[{"@type":"ReadAction","target":["https:\/\/capitaltrust.cl\/postula\/"]}]},{"@type":"BreadcrumbList","@id":"https:\/\/capitaltrust.cl\/postula\/#breadcrumb","itemListElement":[{"@type":"ListItem","position":1,"name":"Portada","item":"https:\/\/capitaltrust.cl\/"},{"@type":"ListItem","position":2,"name":"Postula"}]},{"@type":"WebSite","@id":"https:\/\/capitaltrust.cl\/#website","url":"https:\/\/capitaltrust.cl\/","name":"Capital Trust","description":"Asesor\u00eda independiente, libre de conflictos de inter\u00e9s, enfocada 100% en nuestros clientes.","publisher":{"@id":"https:\/\/capitaltrust.cl\/#organization"},"potentialAction":[{"@type":"SearchAction","target":{"@type":"EntryPoint","urlTemplate":"https:\/\/capitaltrust.cl\/?s={search_term_string}"},"query-input":"required name=search_term_string"}],"inLanguage":"en-US"},{"@type":"Organization","@id":"https:\/\/capitaltrust.cl\/#organization","name":"Capital Trust","url":"https:\/\/capitaltrust.cl\/","logo":{"@type":"ImageObject","inLanguage":"en-US","@id":"https:\/\/capitaltrust.cl\/#\/schema\/logo\/image\/","url":"https:\/\/capitaltrust.cl\/wp-content\/uploads\/2022\/11\/logo-capital-trust.svg","contentUrl":"https:\/\/capitaltrust.cl\/wp-content\/uploads\/2022\/11\/logo-capital-trust.svg","caption":"Capital Trust"},"image":{"@id":"https:\/\/capitaltrust.cl\/#\/schema\/logo\/image\/"}}]}},"_links":{"self":[{"href":"https:\/\/capitaltrust.cl\/eng\/wp-json\/wp\/v2\/pages\/900","targetHints":{"allow":["GET"]}}],"collection":[{"href":"https:\/\/capitaltrust.cl\/eng\/wp-json\/wp\/v2\/pages"}],"about":[{"href":"https:\/\/capitaltrust.cl\/eng\/wp-json\/wp\/v2\/types\/page"}],"author":[{"embeddable":true,"href":"https:\/\/capitaltrust.cl\/eng\/wp-json\/wp\/v2\/users\/1"}],"replies":[{"embeddable":true,"href":"https:\/\/capitaltrust.cl\/eng\/wp-json\/wp\/v2\/comments?post=900"}],"version-history":[{"count":23,"href":"https:\/\/capitaltrust.cl\/eng\/wp-json\/wp\/v2\/pages\/900\/revisions"}],"predecessor-version":[{"id":1676,"href":"https:\/\/capitaltrust.cl\/eng\/wp-json\/wp\/v2\/pages\/900\/revisions\/1676"}],"wp:attachment":[{"href":"https:\/\/capitaltrust.cl\/eng\/wp-json\/wp\/v2\/media?parent=900"}],"curies":[{"name":"wp","href":"https:\/\/api.w.org\/{rel}","templated":true}]}}