{"id":922,"date":"2022-11-24T19:01:44","date_gmt":"2022-11-24T19:01:44","guid":{"rendered":"https:\/\/capitaltrust.cl\/?page_id=922"},"modified":"2024-12-24T08:34:50","modified_gmt":"2024-12-24T11:34:50","slug":"contacto","status":"publish","type":"page","link":"https:\/\/capitaltrust.cl\/eng\/contacto\/","title":{"rendered":"Contact us"},"content":{"rendered":"<p>If you have any interest in knowing more about us, we invite you to contact us<\/p>\n\n<div class=\"wpcf7 no-js\" id=\"wpcf7-f931-o1\" lang=\"es-ES\" dir=\"ltr\" data-wpcf7-id=\"931\">\n<div class=\"screen-reader-response\"><p role=\"status\" aria-live=\"polite\" aria-atomic=\"true\"><\/p> <ul><\/ul><\/div>\n<form action=\"\/eng\/wp-json\/wp\/v2\/pages\/922#wpcf7-f931-o1\" method=\"post\" class=\"wpcf7-form init\" aria-label=\"Formulario de contacto\" novalidate=\"novalidate\" data-status=\"init\" data-trp-original-action=\"\/eng\/wp-json\/wp\/v2\/pages\/922#wpcf7-f931-o1\">\n<fieldset class=\"hidden-fields-container\"><input type=\"hidden\" name=\"_wpcf7\" value=\"931\" \/><input type=\"hidden\" name=\"_wpcf7_version\" value=\"6.1.5\" \/><input type=\"hidden\" name=\"_wpcf7_locale\" value=\"es_ES\" \/><input type=\"hidden\" name=\"_wpcf7_unit_tag\" value=\"wpcf7-f931-o1\" \/><input type=\"hidden\" name=\"_wpcf7_container_post\" value=\"0\" \/><input type=\"hidden\" name=\"_wpcf7_posted_data_hash\" value=\"\" \/><input type=\"hidden\" name=\"_wpcf7_recaptcha_response\" value=\"\" \/>\n<\/fieldset>\n<div class=\"form\">\n<div class=\"form__item\">\n<label>Name<\/label>\n<span class=\"wpcf7-form-control-wrap\" data-name=\"nombre\"><input size=\"40\" maxlength=\"400\" class=\"wpcf7-form-control wpcf7-text wpcf7-validates-as-required\" aria-required=\"true\" aria-invalid=\"false\" value=\"\" type=\"text\" name=\"nombre\" \/><\/span>\n<\/div>\n<div class=\"form__item\">\n<label>Last name<\/label>\n<span class=\"wpcf7-form-control-wrap\" data-name=\"apellido\"><input size=\"40\" maxlength=\"400\" class=\"wpcf7-form-control wpcf7-text wpcf7-validates-as-required\" aria-required=\"true\" aria-invalid=\"false\" value=\"\" type=\"text\" name=\"apellido\" \/><\/span>\n<\/div>\n<div class=\"form__item\">\n<label>Email<\/label>\n<span class=\"wpcf7-form-control-wrap\" data-name=\"correo\"><input size=\"40\" maxlength=\"400\" class=\"wpcf7-form-control wpcf7-email wpcf7-validates-as-required wpcf7-text wpcf7-validates-as-email\" aria-required=\"true\" aria-invalid=\"false\" value=\"\" type=\"email\" name=\"correo\" \/><\/span>\n<\/div>\n<div class=\"form__item\">\n<label>Phone<\/label>\n<span class=\"wpcf7-form-control-wrap\" data-name=\"celular\"><input size=\"40\" maxlength=\"400\" class=\"wpcf7-form-control wpcf7-tel wpcf7-validates-as-required wpcf7-text wpcf7-validates-as-tel\" aria-required=\"true\" aria-invalid=\"false\" value=\"\" type=\"tel\" name=\"celular\" \/><\/span>\n<\/div>\n<div class=\"form__item form__item--full\">\n<label>Message<\/label>\n<span class=\"wpcf7-form-control-wrap\" data-name=\"mensaje\"><textarea cols=\"40\" rows=\"10\" maxlength=\"2000\" class=\"wpcf7-form-control wpcf7-textarea wpcf7-validates-as-required\" aria-required=\"true\" aria-invalid=\"false\" name=\"mensaje\"><\/textarea><\/span>\n<\/div>\n<div class=\"form__item form__item--full\">\n<input class=\"wpcf7-form-control wpcf7-submit has-spinner btn\" type=\"submit\" value=\"Send\" \/>\n<\/div>\n<\/div><div class=\"wpcf7-response-output\" aria-hidden=\"true\"><\/div>\n<input type=\"hidden\" name=\"trp-form-language\" value=\"eng\"\/><\/form>\n<\/div>\n\n<ul>\n<li>\n\t\t\t\t\t\t\t<svg xmlns=\"http:\/\/www.w3.org\/2000\/svg\" viewbox=\"0 0 34.6 26.52\"><defs><\/p>\n<style>.cls-1{fill:#222224;}<\/style>\n<p><\/defs><g id=\"Capa_2\" data-name=\"Capa 2\"><g id=\"Layer_1\" data-name=\"Layer 1\"><path d=\"M32.86,0H1.73A1.73,1.73,0,0,0,0,1.73V24.79a1.72,1.72,0,0,0,1.73,1.73H32.86a1.73,1.73,0,0,0,1.74-1.73V1.73A1.74,1.74,0,0,0,32.86,0Zm.58,24.79a.58.58,0,0,1-.58.58H1.73a.58.58,0,0,1-.58-.58V1.73a.58.58,0,0,1,.58-.58H32.86a.58.58,0,0,1,.58.58Z\"><\/path><path d=\"M32.15,2.51a.59.59,0,0,0-.39-.2.59.59,0,0,0-.42.13L18,13.62a1.16,1.16,0,0,1-1.49,0L3.25,2.44a.57.57,0,0,0-.56-.1.56.56,0,0,0-.37.44.57.57,0,0,0,.19.54L15.81,14.5a2.31,2.31,0,0,0,3,0L32.08,3.33a.61.61,0,0,0,.21-.4A.6.6,0,0,0,32.15,2.51Z\"><\/path><path d=\"M10.53,14.6,2.46,23.25a.58.58,0,0,0-.14.56.57.57,0,0,0,.43.4A.55.55,0,0,0,3.3,24l8.08-8.65a.57.57,0,0,0,.14-.56.58.58,0,0,0-.43-.4A.57.57,0,0,0,10.53,14.6Z\"><\/path><path d=\"M24.06,14.6a.55.55,0,0,0-.55-.18.57.57,0,0,0-.43.4.55.55,0,0,0,.14.56L31.29,24a.57.57,0,0,0,.84-.78Z\"><\/path><\/g><\/g><\/svg>\n\t\t\t\t\t\t\t\t\t<\/li>\n<li>\n\t\t\t\t\t\t\t<svg xmlns=\"http:\/\/www.w3.org\/2000\/svg\" viewbox=\"0 0 31.04 31.04\"><defs><\/p>\n<style>.cls-1{fill:#222224;}<\/style>\n<p><\/defs><g id=\"Capa_2\" data-name=\"Capa 2\"><g id=\"Layer_1\" data-name=\"Layer 1\"><path d=\"M31,25.55a2.4,2.4,0,0,0-1.18-1.77l-7.66-4.4a2.38,2.38,0,0,0-2.89.38l-1.51,1.51a1.12,1.12,0,0,1-1.48.08,44.08,44.08,0,0,1-3.48-3.13,44.08,44.08,0,0,1-3.13-3.48,1.12,1.12,0,0,1,.08-1.48l1.51-1.51a2.39,2.39,0,0,0,.39-2.89L7.26,1.2A2.41,2.41,0,0,0,3.48.7L1.21,3C-.38,4.56-.4,7.47,1.14,11.15a35.92,35.92,0,0,0,7.78,11,35.92,35.92,0,0,0,11,7.78A12.82,12.82,0,0,0,24.7,31a4.55,4.55,0,0,0,3.36-1.21l2.28-2.27a2.38,2.38,0,0,0,.68-2Zm-9.34-5.3,7.66,4.41a1.34,1.34,0,0,1,.68,1,1.35,1.35,0,0,1-.26,1L19.58,20.88l.42-.41a1.38,1.38,0,0,1,1.68-.22ZM5.36,1a1.37,1.37,0,0,1,1,.69l4.41,7.65A1.38,1.38,0,0,1,10.57,11l-.38.38L4.35,1.28A1.37,1.37,0,0,1,5.17,1Zm22,28.1c-1.26,1.26-3.84,1.21-7.07-.14A35.25,35.25,0,0,1,9.63,21.41,35.13,35.13,0,0,1,2.06,10.76C.71,7.53.66,5,1.92,3.69L3.61,2,9.46,12.16l-.4.39a2.11,2.11,0,0,0-.15,2.82,44.31,44.31,0,0,0,3.2,3.56,44.12,44.12,0,0,0,3.56,3.2A2.11,2.11,0,0,0,18.49,22l.36-.36L29,27.44Z\"><\/path><\/g><\/g><\/svg><br \/>\n\t\t\t\t\t\t\t\t\t\t+56 2 2963 9200\n\t\t\t\t\t\t\t\t\t<\/li>\n<li>\n\t\t\t\t\t\t\t<svg xmlns=\"http:\/\/www.w3.org\/2000\/svg\" viewbox=\"0 0 29.37 41.95\"><defs><\/p>\n<style>.cls-1{fill:#222224;}<\/style>\n<p><\/defs><g id=\"Capa_2\" data-name=\"Capa 2\"><g id=\"Layer_1\" data-name=\"Layer 1\"><path d=\"M14.68,0A14.69,14.69,0,0,0,0,14.68C0,25.7,14.68,42,14.68,42S29.37,25.7,29.37,14.68A14.69,14.69,0,0,0,14.68,0Zm0,19.93a5.25,5.25,0,1,1,5.25-5.25,5.25,5.25,0,0,1-5.25,5.25Z\"><\/path><\/g><\/g><\/svg><br \/>\n\t\t\t\t\t\t\t\t\t\tAlonso de C\u00f3rdova 5670, Piso 13, Las Condes, Santiago, Chile\n\t\t\t\t\t\t\t\t\t<\/li>\n<\/ul>","protected":false},"excerpt":{"rendered":"<p>Si tienes alg\u00fan inter\u00e9s por saber m\u00e1s de nosotros o conocernos te invitamos a contactarnos por esta v\u00eda. +56 2 2963 9200 Alonso de C\u00f3rdova 5670, Piso 13, Las Condes, Santiago, Chile<\/p>","protected":false},"author":1,"featured_media":0,"parent":0,"menu_order":0,"comment_status":"closed","ping_status":"closed","template":"","meta":{"site-sidebar-layout":"no-sidebar","site-content-layout":"page-builder","ast-global-header-display":"","ast-main-header-display":"","ast-hfb-above-header-display":"","ast-hfb-below-header-display":"","ast-hfb-mobile-header-display":"","site-post-title":"disabled","ast-breadcrumbs-content":"","ast-featured-img":"disabled","footer-sml-layout":"","theme-transparent-header-meta":"","adv-header-id-meta":"","stick-header-meta":"","header-above-stick-meta":"","header-main-stick-meta":"","header-below-stick-meta":"","footnotes":""},"class_list":["post-922","page","type-page","status-publish","hentry"],"acf":[],"yoast_head":"<!-- This site is optimized with the Yoast SEO plugin v20.3 - https:\/\/yoast.com\/wordpress\/plugins\/seo\/ -->\n<title>Contacto - Capital Trust<\/title>\n<meta name=\"robots\" content=\"index, follow, max-snippet:-1, max-image-preview:large, max-video-preview:-1\" \/>\n<link rel=\"canonical\" href=\"https:\/\/capitaltrust.cl\/eng\/contacto\/\" \/>\n<meta property=\"og:locale\" content=\"en_US\" \/>\n<meta property=\"og:type\" content=\"article\" \/>\n<meta property=\"og:title\" content=\"Contacto - Capital Trust\" \/>\n<meta property=\"og:description\" content=\"Si tienes alg\u00fan inter\u00e9s por saber m\u00e1s de nosotros o conocernos te invitamos a contactarnos por esta v\u00eda. +56 2 2963 9200 Alonso de C\u00f3rdova 5670, Piso 13, Las Condes, Santiago, Chile\" \/>\n<meta property=\"og:url\" content=\"https:\/\/capitaltrust.cl\/eng\/contacto\/\" \/>\n<meta property=\"og:site_name\" content=\"Capital Trust\" \/>\n<meta property=\"article:modified_time\" content=\"2024-12-24T11:34:50+00:00\" \/>\n<meta name=\"twitter:card\" content=\"summary_large_image\" \/>\n<meta name=\"twitter:label1\" content=\"Est. reading time\" \/>\n\t<meta name=\"twitter:data1\" content=\"1 minute\" \/>\n<script type=\"application\/ld+json\" class=\"yoast-schema-graph\">{\"@context\":\"https:\/\/schema.org\",\"@graph\":[{\"@type\":\"WebPage\",\"@id\":\"https:\/\/capitaltrust.cl\/contacto\/\",\"url\":\"https:\/\/capitaltrust.cl\/contacto\/\",\"name\":\"Contacto - Capital Trust\",\"isPartOf\":{\"@id\":\"https:\/\/capitaltrust.cl\/#website\"},\"datePublished\":\"2022-11-24T19:01:44+00:00\",\"dateModified\":\"2024-12-24T11:34:50+00:00\",\"breadcrumb\":{\"@id\":\"https:\/\/capitaltrust.cl\/contacto\/#breadcrumb\"},\"inLanguage\":\"en-US\",\"potentialAction\":[{\"@type\":\"ReadAction\",\"target\":[\"https:\/\/capitaltrust.cl\/contacto\/\"]}]},{\"@type\":\"BreadcrumbList\",\"@id\":\"https:\/\/capitaltrust.cl\/contacto\/#breadcrumb\",\"itemListElement\":[{\"@type\":\"ListItem\",\"position\":1,\"name\":\"Portada\",\"item\":\"https:\/\/capitaltrust.cl\/\"},{\"@type\":\"ListItem\",\"position\":2,\"name\":\"Contacto\"}]},{\"@type\":\"WebSite\",\"@id\":\"https:\/\/capitaltrust.cl\/#website\",\"url\":\"https:\/\/capitaltrust.cl\/\",\"name\":\"Capital Trust\",\"description\":\"Asesor\u00eda independiente, libre de conflictos de inter\u00e9s, enfocada 100% en nuestros clientes.\",\"publisher\":{\"@id\":\"https:\/\/capitaltrust.cl\/#organization\"},\"potentialAction\":[{\"@type\":\"SearchAction\",\"target\":{\"@type\":\"EntryPoint\",\"urlTemplate\":\"https:\/\/capitaltrust.cl\/?s={search_term_string}\"},\"query-input\":\"required name=search_term_string\"}],\"inLanguage\":\"en-US\"},{\"@type\":\"Organization\",\"@id\":\"https:\/\/capitaltrust.cl\/#organization\",\"name\":\"Capital Trust\",\"url\":\"https:\/\/capitaltrust.cl\/\",\"logo\":{\"@type\":\"ImageObject\",\"inLanguage\":\"en-US\",\"@id\":\"https:\/\/capitaltrust.cl\/#\/schema\/logo\/image\/\",\"url\":\"https:\/\/capitaltrust.cl\/wp-content\/uploads\/2022\/11\/logo-capital-trust.svg\",\"contentUrl\":\"https:\/\/capitaltrust.cl\/wp-content\/uploads\/2022\/11\/logo-capital-trust.svg\",\"caption\":\"Capital Trust\"},\"image\":{\"@id\":\"https:\/\/capitaltrust.cl\/#\/schema\/logo\/image\/\"}}]}<\/script>\n<!-- \/ Yoast SEO plugin. -->","yoast_head_json":{"title":"Contacto - Capital Trust","robots":{"index":"index","follow":"follow","max-snippet":"max-snippet:-1","max-image-preview":"max-image-preview:large","max-video-preview":"max-video-preview:-1"},"canonical":"https:\/\/capitaltrust.cl\/eng\/contacto\/","og_locale":"en_US","og_type":"article","og_title":"Contacto - Capital Trust","og_description":"Si tienes alg\u00fan inter\u00e9s por saber m\u00e1s de nosotros o conocernos te invitamos a contactarnos por esta v\u00eda. +56 2 2963 9200 Alonso de C\u00f3rdova 5670, Piso 13, Las Condes, Santiago, Chile","og_url":"https:\/\/capitaltrust.cl\/eng\/contacto\/","og_site_name":"Capital Trust","article_modified_time":"2024-12-24T11:34:50+00:00","twitter_card":"summary_large_image","twitter_misc":{"Est. reading time":"1 minute"},"schema":{"@context":"https:\/\/schema.org","@graph":[{"@type":"WebPage","@id":"https:\/\/capitaltrust.cl\/contacto\/","url":"https:\/\/capitaltrust.cl\/contacto\/","name":"Contacto - Capital Trust","isPartOf":{"@id":"https:\/\/capitaltrust.cl\/#website"},"datePublished":"2022-11-24T19:01:44+00:00","dateModified":"2024-12-24T11:34:50+00:00","breadcrumb":{"@id":"https:\/\/capitaltrust.cl\/contacto\/#breadcrumb"},"inLanguage":"en-US","potentialAction":[{"@type":"ReadAction","target":["https:\/\/capitaltrust.cl\/contacto\/"]}]},{"@type":"BreadcrumbList","@id":"https:\/\/capitaltrust.cl\/contacto\/#breadcrumb","itemListElement":[{"@type":"ListItem","position":1,"name":"Portada","item":"https:\/\/capitaltrust.cl\/"},{"@type":"ListItem","position":2,"name":"Contacto"}]},{"@type":"WebSite","@id":"https:\/\/capitaltrust.cl\/#website","url":"https:\/\/capitaltrust.cl\/","name":"Capital Trust","description":"Asesor\u00eda independiente, libre de conflictos de inter\u00e9s, enfocada 100% en nuestros clientes.","publisher":{"@id":"https:\/\/capitaltrust.cl\/#organization"},"potentialAction":[{"@type":"SearchAction","target":{"@type":"EntryPoint","urlTemplate":"https:\/\/capitaltrust.cl\/?s={search_term_string}"},"query-input":"required name=search_term_string"}],"inLanguage":"en-US"},{"@type":"Organization","@id":"https:\/\/capitaltrust.cl\/#organization","name":"Capital Trust","url":"https:\/\/capitaltrust.cl\/","logo":{"@type":"ImageObject","inLanguage":"en-US","@id":"https:\/\/capitaltrust.cl\/#\/schema\/logo\/image\/","url":"https:\/\/capitaltrust.cl\/wp-content\/uploads\/2022\/11\/logo-capital-trust.svg","contentUrl":"https:\/\/capitaltrust.cl\/wp-content\/uploads\/2022\/11\/logo-capital-trust.svg","caption":"Capital Trust"},"image":{"@id":"https:\/\/capitaltrust.cl\/#\/schema\/logo\/image\/"}}]}},"_links":{"self":[{"href":"https:\/\/capitaltrust.cl\/eng\/wp-json\/wp\/v2\/pages\/922","targetHints":{"allow":["GET"]}}],"collection":[{"href":"https:\/\/capitaltrust.cl\/eng\/wp-json\/wp\/v2\/pages"}],"about":[{"href":"https:\/\/capitaltrust.cl\/eng\/wp-json\/wp\/v2\/types\/page"}],"author":[{"embeddable":true,"href":"https:\/\/capitaltrust.cl\/eng\/wp-json\/wp\/v2\/users\/1"}],"replies":[{"embeddable":true,"href":"https:\/\/capitaltrust.cl\/eng\/wp-json\/wp\/v2\/comments?post=922"}],"version-history":[{"count":22,"href":"https:\/\/capitaltrust.cl\/eng\/wp-json\/wp\/v2\/pages\/922\/revisions"}],"predecessor-version":[{"id":1558,"href":"https:\/\/capitaltrust.cl\/eng\/wp-json\/wp\/v2\/pages\/922\/revisions\/1558"}],"wp:attachment":[{"href":"https:\/\/capitaltrust.cl\/eng\/wp-json\/wp\/v2\/media?parent=922"}],"curies":[{"name":"wp","href":"https:\/\/api.w.org\/{rel}","templated":true}]}}